{"id":1449,"date":"2024-08-31T12:13:11","date_gmt":"2024-08-31T12:13:11","guid":{"rendered":"https:\/\/beyondsolutions.com\/privacy-policy-2\/"},"modified":"2025-02-12T20:37:52","modified_gmt":"2025-02-12T20:37:52","slug":"gizlilik-politikasi","status":"publish","type":"page","link":"https:\/\/beyondsolutions.com\/tr\/gizlilik-politikasi\/","title":{"rendered":"Gizlilik Politikas\u0131"},"content":{"rendered":"\n<style>\n\n.container p, \n.container h1, \n.container h2, \n.container h3, \n.container h4, \n.container h5, \n.container h6 {\n    line-height: 1.6 !important;\n    margin: 0 0 6px;\ntext-align: justify;\n}\n<\/style>\n\n\n\n<p class=\"has-medium-font-size\"><strong>1. Genel Bilgiler<\/strong><\/p>\n\n\n\n<p>Bu Gizlilik Politikas\u0131, <strong>Beyond Solutions<\/strong> ve ba\u011fl\u0131 kurulu\u015flar\u0131 ile b\u00f6l\u00fcmlerinin (bundan sonra \u201cbiz\u201d veya \u201cbizim\u201d olarak an\u0131lacakt\u0131r), Hollanda ve di\u011fer \u00fclkelerde \u00e7e\u015fitli ticari unvanlar alt\u0131nda faaliyet g\u00f6stererek ki\u015fisel verileri nas\u0131l toplad\u0131\u011f\u0131n\u0131, i\u015fledi\u011fini ve korudu\u011funu a\u00e7\u0131klar. Hizmetlerimiz, Avrupa Birli\u011fi (AB) i\u00e7inde ve d\u0131\u015f\u0131nda bulunan m\u00fc\u015fterilere sunulmakta olup, veri i\u015fleme hem AB\u2019de hem de AB d\u0131\u015f\u0131 \u00fclkelerde ger\u00e7ekle\u015fmektedir.<\/p>\n\n\n\n<p class=\"has-medium-font-size\"><strong>2. Hangi Verileri Topluyoruz?<\/strong><\/p>\n\n\n\n<p>Hizmetlerimizi sa\u011flamak veya geli\u015ftirmek i\u00e7in yaln\u0131zca gerekli olan ki\u015fisel verileri topluyor ve i\u015fliyoruz. Toplanan veriler \u015funlar\u0131 i\u00e7erebilir:<\/p>\n\n\n\n<p>&nbsp;&nbsp;&nbsp; \u2022 <strong>Kimlik Bilgileri:<\/strong> Ad, adres, posta kodu, \u015fehir, cinsiyet, do\u011fum tarihi.<\/p>\n\n\n\n<p>&nbsp;&nbsp;&nbsp; \u2022 <strong>\u0130leti\u015fim Bilgileri:<\/strong> Telefon numaras\u0131, e-posta adresi.<\/p>\n\n\n\n<p>&nbsp;&nbsp;&nbsp; \u2022 <strong>Finansal Bilgiler:<\/strong> Banka hesap numaralar\u0131, kredi kart\u0131 bilgileri, gelir bilgileri, vergi bilgileri.<\/p>\n\n\n\n<p>&nbsp;&nbsp;&nbsp; \u2022 <strong>\u0130\u015f Bilgileri:<\/strong> \u0130\u015f unvan\u0131, i\u015fveren bilgileri, maa\u015f bilgileri, i\u015f s\u00f6zle\u015fmeleri, performans de\u011ferlendirmeleri.<\/p>\n\n\n\n<p>&nbsp;&nbsp;&nbsp; \u2022 <strong>E\u011fitim Bilgileri:<\/strong> Diploma, transkript, notlar, e\u011fitim ge\u00e7mi\u015fi.<\/p>\n\n\n\n<p>&nbsp;&nbsp;&nbsp; \u2022 <strong>G\u00f6\u00e7menlik Bilgileri:<\/strong> Pasaport kopyalar\u0131, adres kan\u0131t\u0131, do\u011fum belgeleri ve oturma izni ba\u015fvurular\u0131 i\u00e7in gerekli di\u011fer belgeler.<\/p>\n\n\n\n<p>&nbsp;&nbsp;&nbsp; \u2022 <strong>Di\u011fer Bilgiler:<\/strong> Hukuki yap\u0131lar, s\u00f6zle\u015fmeler, izinler ve i\u015fe al\u0131m, se\u00e7im veya \u0130K y\u00f6netimi kapsam\u0131nda yer alan \u00e7al\u0131\u015fanlara ait ki\u015fisel verilerle ilgili bilgiler.<\/p>\n\n\n\n<p class=\"has-medium-font-size\"><strong>3. Verilerin \u0130\u015flenme Ama\u00e7lar\u0131<\/strong><\/p>\n\n\n\n<p>Ki\u015fisel verileri a\u015fa\u011f\u0131daki ama\u00e7lar do\u011frultusunda i\u015fliyoruz:<\/p>\n\n\n\n<p>&nbsp;&nbsp;&nbsp; \u2022 <strong>Hizmet Sa\u011flama:<\/strong> Pazar ara\u015ft\u0131rmas\u0131, hukuki dan\u0131\u015fmanl\u0131k, \u0130K deste\u011fi ve finansal hizmetler dahil olmak \u00fczere dan\u0131\u015fmanl\u0131k hizmetleri sa\u011flama. Hollanda G\u00f6\u00e7 ve Vatanda\u015fl\u0131k Dairesi\u2019nin (IND) tan\u0131nm\u0131\u015f bir sponsoru olarak, nitelikli g\u00f6\u00e7menler i\u00e7in oturma izni ba\u015fvurular\u0131n\u0131 kolayla\u015ft\u0131r\u0131yoruz.<\/p>\n\n\n\n<p>&nbsp;&nbsp;&nbsp; \u2022 <strong>S\u00f6zle\u015fme Y\u00fck\u00fcml\u00fcl\u00fckleri:<\/strong> M\u00fc\u015fterilerle yap\u0131lan s\u00f6zle\u015fme ve anla\u015fmalar\u0131n y\u00fcr\u00fct\u00fclmesi.<\/p>\n\n\n\n<p>&nbsp;&nbsp;&nbsp; \u2022 <strong>Mevzuata Uygunluk:<\/strong> Vergi beyanlar\u0131 ve raporlama gibi yasal ve d\u00fczenleyici y\u00fck\u00fcml\u00fcl\u00fcklere uyum sa\u011flama.<\/p>\n\n\n\n<p>&nbsp;&nbsp;&nbsp; \u2022 <strong>Pazarlama:<\/strong> B\u00fcltenler, g\u00fcncellemeler veya hizmetlerimizle ilgili bilgiler g\u00f6nderme.<\/p>\n\n\n\n<p class=\"has-medium-font-size\"><strong>4. Verilerin \u0130\u015flenmesi \u0130\u00e7in Yasal Dayanak<\/strong><\/p>\n\n\n\n<p>Ki\u015fisel verileri, Genel Veri Koruma Y\u00f6netmeli\u011fi\u2019ne (GDPR\/AVG) uygun olarak a\u015fa\u011f\u0131daki yasal dayanaklara dayanarak i\u015fleriz:<\/p>\n\n\n\n<p>&nbsp;&nbsp;&nbsp; \u2022 Onay (Madde 6(1)(a)).<\/p>\n\n\n\n<p>&nbsp;&nbsp;&nbsp; \u2022 Bir s\u00f6zle\u015fmenin ifas\u0131 (Madde 6(1)(b)).<\/p>\n\n\n\n<p>&nbsp;&nbsp;&nbsp; \u2022 Yasal y\u00fck\u00fcml\u00fcl\u00fcklere uyum (Madde 6(1)(c)).<\/p>\n\n\n\n<p class=\"has-medium-font-size\"><strong>5. Veri Saklama S\u00fcresi<\/strong><\/p>\n\n\n\n<p>M\u00fc\u015fteri verilerini, gelecekteki hizmetleri kolayla\u015ft\u0131rmak i\u00e7in ar\u015fivlerimizde sakl\u0131yoruz. \u00d6rne\u011fin, birka\u00e7 y\u0131l sonra talep edilen hizmetler i\u00e7in veriler yeniden kullan\u0131labilir. Belgelenmi\u015f bir saklama politikam\u0131z olmamas\u0131na ra\u011fmen, verileri yaln\u0131zca yukar\u0131da belirtilen ama\u00e7lar i\u00e7in gerekli oldu\u011fu s\u00fcrece saklamaya \u00f6zen g\u00f6steriyoruz.<\/p>\n\n\n\n<p class=\"has-medium-font-size\"><strong>6. Verilerin Payla\u015f\u0131lmas\u0131<\/strong><\/p>\n\n\n\n<p>Ki\u015fisel verileri do\u011frudan harici taraflarla payla\u015fm\u0131yoruz. Oturma izni ba\u015fvurular\u0131 i\u00e7in gerekli olan ki\u015fisel verileri ve destekleyici belgeleri, IND\u2019nin g\u00fcvenli sistemine y\u00fckl\u00fcyoruz. Bu sistem, ba\u015fvurular\u0131 i\u015flemek i\u00e7in IND taraf\u0131ndan kullan\u0131lmaktad\u0131r. Ki\u015fisel verilere yaln\u0131zca hizmet sa\u011flamakla yetkili \u00e7al\u0131\u015fanlar\u0131m\u0131z eri\u015febilir.<\/p>\n\n\n\n<p class=\"has-medium-font-size\"><strong>7. Uluslararas\u0131 Veri Aktar\u0131mlar\u0131<\/strong><\/p>\n\n\n\n<p>Ki\u015fisel verileri, Avrupa Ekonomik Alan\u0131 (EEA) d\u0131\u015f\u0131nda da dahil olmak \u00fczere \u00e7e\u015fitli yarg\u0131 b\u00f6lgelerinde i\u015fliyoruz. \u015eu anda belirli bir koruma mekanizmas\u0131 bulunmamakla birlikte, verilerinizi bu aktar\u0131mlar s\u0131ras\u0131nda korumak i\u00e7in uygun \u00f6nlemleri uygulamaya \u00e7al\u0131\u015f\u0131yoruz.<\/p>\n\n\n\n<p class=\"has-medium-font-size\"><strong>8. G\u00fcvenlik \u00d6nlemleri<\/strong><\/p>\n\n\n\n<p>Ki\u015fisel verileri yetkisiz eri\u015fime, de\u011fi\u015fikli\u011fe veya kayba kar\u015f\u0131 korumak i\u00e7in makul \u00f6nlemler al\u0131yoruz. Belirli teknik \u00f6nlemlerimiz \u015fu anda bulunmamakla birlikte, g\u00fcvenlik uygulamalar\u0131m\u0131z\u0131 s\u00fcrekli olarak geli\u015ftirmeyi taahh\u00fct ediyoruz.<\/p>\n\n\n\n<p class=\"has-medium-font-size\"><strong>9. \u00c7erezler<\/strong><\/p>\n\n\n\n<p>Web sitemiz, kullan\u0131c\u0131 deneyimini geli\u015ftirmek i\u00e7in \u00e7erezler kullan\u0131r. Kullan\u0131lan \u00e7erez t\u00fcrleri ve bunlar\u0131n nas\u0131l y\u00f6netilece\u011fi hakk\u0131nda bilgi i\u00e7eren ayr\u0131nt\u0131l\u0131 bir \u00c7erez Politikas\u0131 ayr\u0131ca sunulacakt\u0131r.<\/p>\n\n\n\n<p class=\"has-medium-font-size\"><strong>10. Ki\u015fisel Veri Sahibi Haklar\u0131<\/strong><\/p>\n\n\n\n<p>GDPR kapsam\u0131nda a\u015fa\u011f\u0131daki haklara sahipsiniz:<\/p>\n\n\n\n<p>&nbsp;&nbsp;&nbsp; \u2022 <strong>Eri\u015fim ve D\u00fczeltme Hakk\u0131:<\/strong> Ki\u015fisel verilerinize eri\u015fim talep edebilir veya d\u00fczeltme isteyebilirsiniz.<\/p>\n\n\n\n<p>&nbsp;&nbsp;&nbsp; \u2022 <strong>Silme Hakk\u0131:<\/strong> Verilerinizin silinmesini talep edebilirsiniz, ancak bu talep yasal y\u00fck\u00fcml\u00fcl\u00fcklerle \u00e7eli\u015fmemelidir.<\/p>\n\n\n\n<p>&nbsp;&nbsp;&nbsp; \u2022 <strong>Veri \u0130\u015flemeyi K\u0131s\u0131tlama Hakk\u0131:<\/strong> Belirli ko\u015fullarda verilerinizin i\u015flenmesini k\u0131s\u0131tlamay\u0131 talep edebilirsiniz.<\/p>\n\n\n\n<p>&nbsp;&nbsp;&nbsp; \u2022 <strong>\u0130tiraz Hakk\u0131:<\/strong> Verilerinizin belirli ama\u00e7larla i\u015flenmesine itiraz edebilirsiniz.<\/p>\n\n\n\n<p>&nbsp;&nbsp;&nbsp; \u2022 <strong>Onay\u0131 Geri \u00c7ekme Hakk\u0131:<\/strong> Verilerinizin i\u015flenmesi onay\u0131n\u0131za dayan\u0131yorsa, bu onay\u0131 istedi\u011finiz zaman geri \u00e7ekebilirsiniz.<\/p>\n\n\n\n<p>Bu haklardan herhangi birini kullanmak isterseniz, a\u015fa\u011f\u0131daki ileti\u015fim bilgileri arac\u0131l\u0131\u011f\u0131yla bizimle ileti\u015fime ge\u00e7ebilirsiniz. Talebinizi en k\u0131sa s\u00fcrede i\u015fleme alaca\u011f\u0131z.<\/p>\n\n\n\n<p class=\"has-medium-font-size\"><strong>11. Gizlilik Politikas\u0131n\u0131n G\u00fcncellenmesi<\/strong><\/p>\n\n\n\n<p>Bu Gizlilik Politikas\u0131, \u00f6nceden haber verilmeksizin g\u00fcncellenebilir. Herhangi bir de\u011fi\u015fiklikten haberdar olmak i\u00e7in d\u00fczenli olarak kontrol etmenizi \u00f6neririz.<\/p>\n\n\n\n<p class=\"has-medium-font-size\"><strong>12. \u0130leti\u015fim Bilgileri<\/strong><\/p>\n\n\n\n<p>Bu Gizlilik Politikas\u0131 ile ilgili sorular\u0131n\u0131z veya talepleriniz varsa, ya da ki\u015fisel veri haklar\u0131n\u0131z\u0131 kullanmak isterseniz, bizimle ileti\u015fime ge\u00e7ebilirsiniz:<\/p>\n\n\n\n<p><strong>Beyond Solutions B.V.<\/strong><\/p>\n\n\n\n<p><strong>E-posta:<\/strong> requests@beyondsolutions.com<\/p>\n\n\n\n<p><strong>Telefon:<\/strong> +31 (0) 85 301 4742<\/p>\n\n\n\n<div style=\"height:50px\" aria-hidden=\"true\" class=\"wp-block-spacer\"><\/div>\n","protected":false},"excerpt":{"rendered":"<p>1. Genel Bilgiler Bu Gizlilik Politikas\u0131, Beyond Solutions ve ba\u011fl\u0131 kurulu\u015flar\u0131 ile b\u00f6l\u00fcmlerinin (bundan sonra \u201cbiz\u201d veya \u201cbizim\u201d olarak an\u0131lacakt\u0131r), Hollanda ve di\u011fer \u00fclkelerde \u00e7e\u015fitli ticari unvanlar alt\u0131nda faaliyet g\u00f6stererek ki\u015fisel verileri nas\u0131l toplad\u0131\u011f\u0131n\u0131, i\u015fledi\u011fini ve korudu\u011funu a\u00e7\u0131klar. Hizmetlerimiz, Avrupa Birli\u011fi (AB) i\u00e7inde ve d\u0131\u015f\u0131nda bulunan m\u00fc\u015fterilere sunulmakta olup, veri i\u015fleme hem AB\u2019de hem de [&hellip;]<\/p>\n","protected":false},"author":1,"featured_media":0,"parent":0,"menu_order":0,"comment_status":"closed","ping_status":"closed","template":"","meta":{"footnotes":""},"tags":[],"class_list":["post-1449","page","type-page","status-publish","hentry"],"yoast_head":"<!-- This site is optimized with the Yoast SEO plugin v27.4 - https:\/\/yoast.com\/product\/yoast-seo-wordpress\/ -->\n<title>Gizlilik Politikas\u0131 - Beyond Solutions<\/title>\n<meta name=\"robots\" content=\"index, follow, max-snippet:-1, max-image-preview:large, max-video-preview:-1\" \/>\n<link rel=\"canonical\" href=\"https:\/\/beyondsolutions.com\/tr\/gizlilik-politikasi\/\" \/>\n<meta property=\"og:locale\" content=\"tr_TR\" \/>\n<meta property=\"og:type\" content=\"article\" \/>\n<meta property=\"og:title\" content=\"Gizlilik Politikas\u0131 - Beyond Solutions\" \/>\n<meta property=\"og:description\" content=\"1. Genel Bilgiler Bu Gizlilik Politikas\u0131, Beyond Solutions ve ba\u011fl\u0131 kurulu\u015flar\u0131 ile b\u00f6l\u00fcmlerinin (bundan sonra \u201cbiz\u201d veya \u201cbizim\u201d olarak an\u0131lacakt\u0131r), Hollanda ve di\u011fer \u00fclkelerde \u00e7e\u015fitli ticari unvanlar alt\u0131nda faaliyet g\u00f6stererek ki\u015fisel verileri nas\u0131l toplad\u0131\u011f\u0131n\u0131, i\u015fledi\u011fini ve korudu\u011funu a\u00e7\u0131klar. Hizmetlerimiz, Avrupa Birli\u011fi (AB) i\u00e7inde ve d\u0131\u015f\u0131nda bulunan m\u00fc\u015fterilere sunulmakta olup, veri i\u015fleme hem AB\u2019de hem de [&hellip;]\" \/>\n<meta property=\"og:url\" content=\"https:\/\/beyondsolutions.com\/tr\/gizlilik-politikasi\/\" \/>\n<meta property=\"og:site_name\" content=\"Beyond Solutions\" \/>\n<meta property=\"article:publisher\" content=\"https:\/\/www.facebook.com\/beyondconsultant\" \/>\n<meta property=\"article:modified_time\" content=\"2025-02-12T20:37:52+00:00\" \/>\n<meta name=\"twitter:card\" content=\"summary_large_image\" \/>\n<meta name=\"twitter:label1\" content=\"Tahmini okuma s\u00fcresi\" \/>\n\t<meta name=\"twitter:data1\" content=\"3 dakika\" \/>\n<script type=\"application\/ld+json\" class=\"yoast-schema-graph\">{\"@context\":\"https:\\\/\\\/schema.org\",\"@graph\":[{\"@type\":\"WebPage\",\"@id\":\"https:\\\/\\\/beyondsolutions.com\\\/tr\\\/gizlilik-politikasi\\\/\",\"url\":\"https:\\\/\\\/beyondsolutions.com\\\/tr\\\/gizlilik-politikasi\\\/\",\"name\":\"Gizlilik Politikas\u0131 - Beyond Solutions\",\"isPartOf\":{\"@id\":\"https:\\\/\\\/beyondsolutions.com\\\/#website\"},\"datePublished\":\"2024-08-31T12:13:11+00:00\",\"dateModified\":\"2025-02-12T20:37:52+00:00\",\"breadcrumb\":{\"@id\":\"https:\\\/\\\/beyondsolutions.com\\\/tr\\\/gizlilik-politikasi\\\/#breadcrumb\"},\"inLanguage\":\"tr\",\"potentialAction\":[{\"@type\":\"ReadAction\",\"target\":[\"https:\\\/\\\/beyondsolutions.com\\\/tr\\\/gizlilik-politikasi\\\/\"]}]},{\"@type\":\"BreadcrumbList\",\"@id\":\"https:\\\/\\\/beyondsolutions.com\\\/tr\\\/gizlilik-politikasi\\\/#breadcrumb\",\"itemListElement\":[{\"@type\":\"ListItem\",\"position\":1,\"name\":\"Home\",\"item\":\"https:\\\/\\\/beyondsolutions.com\\\/tr\\\/\"},{\"@type\":\"ListItem\",\"position\":2,\"name\":\"Gizlilik Politikas\u0131\"}]},{\"@type\":\"WebSite\",\"@id\":\"https:\\\/\\\/beyondsolutions.com\\\/#website\",\"url\":\"https:\\\/\\\/beyondsolutions.com\\\/\",\"name\":\"Beyond Solutions\",\"description\":\"Let&#039;s Walk Together!\",\"publisher\":{\"@id\":\"https:\\\/\\\/beyondsolutions.com\\\/#organization\"},\"potentialAction\":[{\"@type\":\"SearchAction\",\"target\":{\"@type\":\"EntryPoint\",\"urlTemplate\":\"https:\\\/\\\/beyondsolutions.com\\\/?s={search_term_string}\"},\"query-input\":{\"@type\":\"PropertyValueSpecification\",\"valueRequired\":true,\"valueName\":\"search_term_string\"}}],\"inLanguage\":\"tr\"},{\"@type\":\"Organization\",\"@id\":\"https:\\\/\\\/beyondsolutions.com\\\/#organization\",\"name\":\"Beyond Solutions\",\"url\":\"https:\\\/\\\/beyondsolutions.com\\\/\",\"logo\":{\"@type\":\"ImageObject\",\"inLanguage\":\"tr\",\"@id\":\"https:\\\/\\\/beyondsolutions.com\\\/#\\\/schema\\\/logo\\\/image\\\/\",\"url\":\"https:\\\/\\\/beyondsolutions.com\\\/wp-content\\\/uploads\\\/2024\\\/03\\\/beyond-logo.png\",\"contentUrl\":\"https:\\\/\\\/beyondsolutions.com\\\/wp-content\\\/uploads\\\/2024\\\/03\\\/beyond-logo.png\",\"width\":459,\"height\":191,\"caption\":\"Beyond Solutions\"},\"image\":{\"@id\":\"https:\\\/\\\/beyondsolutions.com\\\/#\\\/schema\\\/logo\\\/image\\\/\"},\"sameAs\":[\"https:\\\/\\\/www.facebook.com\\\/beyondconsultant\"]}]}<\/script>\n<!-- \/ Yoast SEO plugin. -->","yoast_head_json":{"title":"Gizlilik Politikas\u0131 - Beyond Solutions","robots":{"index":"index","follow":"follow","max-snippet":"max-snippet:-1","max-image-preview":"max-image-preview:large","max-video-preview":"max-video-preview:-1"},"canonical":"https:\/\/beyondsolutions.com\/tr\/gizlilik-politikasi\/","og_locale":"tr_TR","og_type":"article","og_title":"Gizlilik Politikas\u0131 - Beyond Solutions","og_description":"1. Genel Bilgiler Bu Gizlilik Politikas\u0131, Beyond Solutions ve ba\u011fl\u0131 kurulu\u015flar\u0131 ile b\u00f6l\u00fcmlerinin (bundan sonra \u201cbiz\u201d veya \u201cbizim\u201d olarak an\u0131lacakt\u0131r), Hollanda ve di\u011fer \u00fclkelerde \u00e7e\u015fitli ticari unvanlar alt\u0131nda faaliyet g\u00f6stererek ki\u015fisel verileri nas\u0131l toplad\u0131\u011f\u0131n\u0131, i\u015fledi\u011fini ve korudu\u011funu a\u00e7\u0131klar. Hizmetlerimiz, Avrupa Birli\u011fi (AB) i\u00e7inde ve d\u0131\u015f\u0131nda bulunan m\u00fc\u015fterilere sunulmakta olup, veri i\u015fleme hem AB\u2019de hem de [&hellip;]","og_url":"https:\/\/beyondsolutions.com\/tr\/gizlilik-politikasi\/","og_site_name":"Beyond Solutions","article_publisher":"https:\/\/www.facebook.com\/beyondconsultant","article_modified_time":"2025-02-12T20:37:52+00:00","twitter_card":"summary_large_image","twitter_misc":{"Tahmini okuma s\u00fcresi":"3 dakika"},"schema":{"@context":"https:\/\/schema.org","@graph":[{"@type":"WebPage","@id":"https:\/\/beyondsolutions.com\/tr\/gizlilik-politikasi\/","url":"https:\/\/beyondsolutions.com\/tr\/gizlilik-politikasi\/","name":"Gizlilik Politikas\u0131 - Beyond Solutions","isPartOf":{"@id":"https:\/\/beyondsolutions.com\/#website"},"datePublished":"2024-08-31T12:13:11+00:00","dateModified":"2025-02-12T20:37:52+00:00","breadcrumb":{"@id":"https:\/\/beyondsolutions.com\/tr\/gizlilik-politikasi\/#breadcrumb"},"inLanguage":"tr","potentialAction":[{"@type":"ReadAction","target":["https:\/\/beyondsolutions.com\/tr\/gizlilik-politikasi\/"]}]},{"@type":"BreadcrumbList","@id":"https:\/\/beyondsolutions.com\/tr\/gizlilik-politikasi\/#breadcrumb","itemListElement":[{"@type":"ListItem","position":1,"name":"Home","item":"https:\/\/beyondsolutions.com\/tr\/"},{"@type":"ListItem","position":2,"name":"Gizlilik Politikas\u0131"}]},{"@type":"WebSite","@id":"https:\/\/beyondsolutions.com\/#website","url":"https:\/\/beyondsolutions.com\/","name":"Beyond Solutions","description":"Let&#039;s Walk Together!","publisher":{"@id":"https:\/\/beyondsolutions.com\/#organization"},"potentialAction":[{"@type":"SearchAction","target":{"@type":"EntryPoint","urlTemplate":"https:\/\/beyondsolutions.com\/?s={search_term_string}"},"query-input":{"@type":"PropertyValueSpecification","valueRequired":true,"valueName":"search_term_string"}}],"inLanguage":"tr"},{"@type":"Organization","@id":"https:\/\/beyondsolutions.com\/#organization","name":"Beyond Solutions","url":"https:\/\/beyondsolutions.com\/","logo":{"@type":"ImageObject","inLanguage":"tr","@id":"https:\/\/beyondsolutions.com\/#\/schema\/logo\/image\/","url":"https:\/\/beyondsolutions.com\/wp-content\/uploads\/2024\/03\/beyond-logo.png","contentUrl":"https:\/\/beyondsolutions.com\/wp-content\/uploads\/2024\/03\/beyond-logo.png","width":459,"height":191,"caption":"Beyond Solutions"},"image":{"@id":"https:\/\/beyondsolutions.com\/#\/schema\/logo\/image\/"},"sameAs":["https:\/\/www.facebook.com\/beyondconsultant"]}]}},"_links":{"self":[{"href":"https:\/\/beyondsolutions.com\/tr\/wp-json\/wp\/v2\/pages\/1449","targetHints":{"allow":["GET"]}}],"collection":[{"href":"https:\/\/beyondsolutions.com\/tr\/wp-json\/wp\/v2\/pages"}],"about":[{"href":"https:\/\/beyondsolutions.com\/tr\/wp-json\/wp\/v2\/types\/page"}],"author":[{"embeddable":true,"href":"https:\/\/beyondsolutions.com\/tr\/wp-json\/wp\/v2\/users\/1"}],"replies":[{"embeddable":true,"href":"https:\/\/beyondsolutions.com\/tr\/wp-json\/wp\/v2\/comments?post=1449"}],"version-history":[{"count":6,"href":"https:\/\/beyondsolutions.com\/tr\/wp-json\/wp\/v2\/pages\/1449\/revisions"}],"predecessor-version":[{"id":3130,"href":"https:\/\/beyondsolutions.com\/tr\/wp-json\/wp\/v2\/pages\/1449\/revisions\/3130"}],"wp:attachment":[{"href":"https:\/\/beyondsolutions.com\/tr\/wp-json\/wp\/v2\/media?parent=1449"}],"wp:term":[{"taxonomy":"post_tag","embeddable":true,"href":"https:\/\/beyondsolutions.com\/tr\/wp-json\/wp\/v2\/tags?post=1449"}],"curies":[{"name":"wp","href":"https:\/\/api.w.org\/{rel}","templated":true}]}}