{"id":1455,"date":"2024-08-31T12:14:51","date_gmt":"2024-08-31T12:14:51","guid":{"rendered":"https:\/\/beyondsolutions.com\/cookies-policy\/"},"modified":"2025-02-12T20:39:10","modified_gmt":"2025-02-12T20:39:10","slug":"cerez-politikasi","status":"publish","type":"page","link":"https:\/\/beyondsolutions.com\/tr\/cerez-politikasi\/","title":{"rendered":"\u00c7erez Politikas\u0131"},"content":{"rendered":"\n<style>\n\n.container p, \n.container h1, \n.container h2, \n.container h3, \n.container h4, \n.container h5, \n.container h6 {\n    line-height: 1.6 !important;\n    margin: 0 0 6px;\ntext-align: justify;\n}\n<\/style>\n\n\n\n<p class=\"has-medium-font-size\"><strong>1. Giri\u015f<\/strong><\/p>\n\n\n\n<p>Bu \u00c7erez Politikas\u0131, <strong>Beyond Solutions B.V.<\/strong> (\u201cbiz,\u201d \u201cbize\u201d veya \u201cbizim\u201d) web sitemizde \u00e7erezler ve benzeri teknolojilerin nas\u0131l kullan\u0131ld\u0131\u011f\u0131n\u0131 a\u00e7\u0131klar. Web sitemizi kullanarak, bu politikada a\u00e7\u0131kland\u0131\u011f\u0131 \u015fekilde \u00e7erezlerin kullan\u0131m\u0131n\u0131 kabul etmi\u015f olursunuz.<\/p>\n\n\n\n<p class=\"has-medium-font-size\"><strong>2. \u00c7erezler Nedir?<\/strong><\/p>\n\n\n\n<p>\u00c7erezler, bir web sitesini ziyaret etti\u011finizde cihaz\u0131n\u0131za (bilgisayar, tablet veya ak\u0131ll\u0131 telefon) yerle\u015ftirilen k\u00fc\u00e7\u00fck metin dosyalar\u0131d\u0131r. \u00c7erezler, web sitesinin do\u011fru bir \u015fekilde \u00e7al\u0131\u015fmas\u0131na yard\u0131mc\u0131 olur ve kullan\u0131c\u0131 deneyimini geli\u015ftirmek ve web sitesi kullan\u0131m\u0131n\u0131 analiz etmek gibi \u00e7e\u015fitli ama\u00e7larla web sitesi sahibine bilgi sa\u011flar.<\/p>\n\n\n\n<p class=\"has-medium-font-size\"><strong>3. Hangi \u00c7erez T\u00fcrlerini Kullan\u0131yoruz?<\/strong><\/p>\n\n\n\n<p>Web sitemizde a\u015fa\u011f\u0131daki \u00e7erez t\u00fcrlerini kullan\u0131yoruz:<\/p>\n\n\n\n<p>&nbsp;&nbsp;&nbsp; \u2022 <strong>Temel \u00c7erezler:<\/strong><\/p>\n\n\n\n<p>Bu \u00e7erezler, web sitesinin do\u011fru bir \u015fekilde \u00e7al\u0131\u015fmas\u0131 i\u00e7in gereklidir. Bu \u00e7erezler olmadan, web sitesinin belirli \u00f6zellikleri d\u00fczg\u00fcn \u00e7al\u0131\u015fmayabilir.<\/p>\n\n\n\n<p>&nbsp;&nbsp;&nbsp; \u2022 <strong>Analitik \u00c7erezler:<\/strong><\/p>\n\n\n\n<p>Bu \u00e7erezler, ziyaret\u00e7ilerin web sitemizi nas\u0131l kulland\u0131\u011f\u0131 hakk\u0131nda bilgi toplar. \u00d6rne\u011fin, hangi sayfalar\u0131n en s\u0131k ziyaret edildi\u011fi veya kullan\u0131c\u0131lar\u0131n hata ile kar\u015f\u0131la\u015f\u0131p kar\u015f\u0131la\u015fmad\u0131\u011f\u0131 gibi bilgiler. Bu, web sitemizin performans\u0131n\u0131 ve kullan\u0131labilirli\u011fini geli\u015ftirmemize yard\u0131mc\u0131 olur.<\/p>\n\n\n\n<p>&nbsp;&nbsp;&nbsp; \u2022 <strong>Fonksiyonel \u00c7erezler:<\/strong><\/p>\n\n\n\n<p>Bu \u00e7erezler, web sitesinin dil ayarlar\u0131 gibi tercihlerinizi hat\u0131rlamas\u0131n\u0131 ve size daha geli\u015fmi\u015f, ki\u015fiselle\u015ftirilmi\u015f \u00f6zellikler sunmas\u0131n\u0131 sa\u011flar.<\/p>\n\n\n\n<p>&nbsp;&nbsp;&nbsp; \u2022 <strong>Pazarlama \u00c7erezleri:<\/strong><\/p>\n\n\n\n<p>Bu \u00e7erezler, ilgi alanlar\u0131n\u0131za daha uygun reklamlar sunmak i\u00e7in kullan\u0131l\u0131r. Ayr\u0131ca, bir reklam\u0131 ka\u00e7 kez g\u00f6rd\u00fc\u011f\u00fcn\u00fcz\u00fc s\u0131n\u0131rlayabilir ve reklam kampanyalar\u0131n\u0131n etkinli\u011fini \u00f6l\u00e7ebilir.<\/p>\n\n\n\n<p class=\"has-medium-font-size\"><strong>4. \u00dc\u00e7\u00fcnc\u00fc Taraf \u00c7erezleri<\/strong><\/p>\n\n\n\n<p>Web sitemizdeki baz\u0131 \u00e7erezler, \u00fc\u00e7\u00fcnc\u00fc taraf hizmetler taraf\u0131ndan yerle\u015ftirilir. Bu \u00e7erezler, analitik, sosyal medya entegrasyonlar\u0131 veya reklam ama\u00e7lar\u0131 i\u00e7in kullan\u0131labilir. Bu \u00e7erezler \u00fczerinde do\u011frudan kontrol\u00fcm\u00fcz yoktur. Daha fazla bilgi i\u00e7in ilgili \u00fc\u00e7\u00fcnc\u00fc taraflar\u0131n gizlilik ve \u00e7erez politikalar\u0131n\u0131 incelemenizi \u00f6neririz.<\/p>\n\n\n\n<p class=\"has-medium-font-size\"><strong>5. \u00c7erezler Ne Kadar S\u00fcre Saklan\u0131r?<\/strong><\/p>\n\n\n\n<p>\u00c7erezler farkl\u0131 s\u00fcreler boyunca cihaz\u0131n\u0131zda saklanabilir:<\/p>\n\n\n\n<p>&nbsp;&nbsp;&nbsp; \u2022 <strong>Oturum \u00c7erezleri:<\/strong> Bu \u00e7erezler ge\u00e7icidir ve taray\u0131c\u0131n\u0131z\u0131 kapatt\u0131\u011f\u0131n\u0131zda silinir.<\/p>\n\n\n\n<p>&nbsp;&nbsp;&nbsp; \u2022 <strong>Kal\u0131c\u0131 \u00c7erezler:<\/strong> Bu \u00e7erezler, s\u00fcreleri dolana kadar veya siz manuel olarak silene kadar cihaz\u0131n\u0131zda kal\u0131r.<\/p>\n\n\n\n<p>Her \u00e7erezin saklama s\u00fcresi, amac\u0131 ve i\u015flevine ba\u011fl\u0131d\u0131r.<\/p>\n\n\n\n<p class=\"has-medium-font-size\"><strong>6. \u00c7erezleri Y\u00f6netme ve Silme<\/strong><\/p>\n\n\n\n<p>Cihaz\u0131n\u0131zdaki \u00e7erezleri y\u00f6netme ve silme hakk\u0131na sahipsiniz. \u015eunlar\u0131 yapabilirsiniz:<\/p>\n\n\n\n<p>&nbsp;&nbsp;&nbsp; \u2022 Taray\u0131c\u0131 ayarlar\u0131n\u0131z\u0131 de\u011fi\u015ftirerek \u00e7erezleri engelleyebilir veya silebilirsiniz.<\/p>\n\n\n\n<p>&nbsp;&nbsp;&nbsp; \u2022 Web sitemizdeki \u00e7erez banner\u2019\u0131n\u0131 kullanarak belirli \u00e7erez t\u00fcrlerini kabul edebilir veya reddedebilirsiniz.<\/p>\n\n\n\n<p>\u00c7erezleri engellemenin veya silmenin, web sitemizin i\u015flevselli\u011fini etkileyebilece\u011fini unutmay\u0131n.<\/p>\n\n\n\n<p>\u00c7erezleri y\u00f6netme hakk\u0131nda daha fazla bilgi i\u00e7in taray\u0131c\u0131n\u0131z\u0131n yard\u0131m b\u00f6l\u00fcm\u00fcn\u00fc veya ayarlar men\u00fcs\u00fcn\u00fc kontrol edebilirsiniz.<\/p>\n\n\n\n<p class=\"has-medium-font-size\"><strong>7. Bu \u00c7erez Politikas\u0131ndaki De\u011fi\u015fiklikler<\/strong><\/p>\n\n\n\n<p>Bu \u00c7erez Politikas\u0131, yasal gerekliliklerdeki veya \u00e7erez kullan\u0131m\u0131m\u0131zdaki de\u011fi\u015fiklikleri yans\u0131tmak i\u00e7in zaman zaman g\u00fcncellenebilir. \u00c7erezlerin nas\u0131l kullan\u0131ld\u0131\u011f\u0131 hakk\u0131nda bilgi sahibi olmak i\u00e7in bu politikay\u0131 d\u00fczenli olarak kontrol etmenizi \u00f6neririz.<\/p>\n\n\n\n<p class=\"has-medium-font-size\"><strong>8. \u0130leti\u015fim Bilgileri<\/strong><\/p>\n\n\n\n<p>\u00c7erez kullan\u0131m\u0131m\u0131zla ilgili herhangi bir sorunuz veya endi\u015feniz varsa, l\u00fctfen bizimle ileti\u015fime ge\u00e7in:<\/p>\n\n\n\n<p><strong>E-posta:<\/strong> requests@beyondsolutions.com<\/p>\n\n\n\n<p><strong>Telefon:<\/strong> +31 (0) 85 301 4742<\/p>\n\n\n\n<div style=\"height:50px\" aria-hidden=\"true\" class=\"wp-block-spacer\"><\/div>\n","protected":false},"excerpt":{"rendered":"<p>1. Giri\u015f Bu \u00c7erez Politikas\u0131, Beyond Solutions B.V. (\u201cbiz,\u201d \u201cbize\u201d veya \u201cbizim\u201d) web sitemizde \u00e7erezler ve benzeri teknolojilerin nas\u0131l kullan\u0131ld\u0131\u011f\u0131n\u0131 a\u00e7\u0131klar. Web sitemizi kullanarak, bu politikada a\u00e7\u0131kland\u0131\u011f\u0131 \u015fekilde \u00e7erezlerin kullan\u0131m\u0131n\u0131 kabul etmi\u015f olursunuz. 2. \u00c7erezler Nedir? \u00c7erezler, bir web sitesini ziyaret etti\u011finizde cihaz\u0131n\u0131za (bilgisayar, tablet veya ak\u0131ll\u0131 telefon) yerle\u015ftirilen k\u00fc\u00e7\u00fck metin dosyalar\u0131d\u0131r. \u00c7erezler, web sitesinin [&hellip;]<\/p>\n","protected":false},"author":1,"featured_media":0,"parent":0,"menu_order":0,"comment_status":"closed","ping_status":"closed","template":"","meta":{"footnotes":""},"tags":[],"class_list":["post-1455","page","type-page","status-publish","hentry"],"yoast_head":"<!-- This site is optimized with the Yoast SEO plugin v27.4 - https:\/\/yoast.com\/product\/yoast-seo-wordpress\/ -->\n<title>\u00c7erez Politikas\u0131 - Beyond Solutions<\/title>\n<meta name=\"robots\" content=\"index, follow, max-snippet:-1, max-image-preview:large, max-video-preview:-1\" \/>\n<link rel=\"canonical\" href=\"https:\/\/beyondsolutions.com\/tr\/cerez-politikasi\/\" \/>\n<meta property=\"og:locale\" content=\"tr_TR\" \/>\n<meta property=\"og:type\" content=\"article\" \/>\n<meta property=\"og:title\" content=\"\u00c7erez Politikas\u0131 - Beyond Solutions\" \/>\n<meta property=\"og:description\" content=\"1. Giri\u015f Bu \u00c7erez Politikas\u0131, Beyond Solutions B.V. (\u201cbiz,\u201d \u201cbize\u201d veya \u201cbizim\u201d) web sitemizde \u00e7erezler ve benzeri teknolojilerin nas\u0131l kullan\u0131ld\u0131\u011f\u0131n\u0131 a\u00e7\u0131klar. Web sitemizi kullanarak, bu politikada a\u00e7\u0131kland\u0131\u011f\u0131 \u015fekilde \u00e7erezlerin kullan\u0131m\u0131n\u0131 kabul etmi\u015f olursunuz. 2. \u00c7erezler Nedir? \u00c7erezler, bir web sitesini ziyaret etti\u011finizde cihaz\u0131n\u0131za (bilgisayar, tablet veya ak\u0131ll\u0131 telefon) yerle\u015ftirilen k\u00fc\u00e7\u00fck metin dosyalar\u0131d\u0131r. \u00c7erezler, web sitesinin [&hellip;]\" \/>\n<meta property=\"og:url\" content=\"https:\/\/beyondsolutions.com\/tr\/cerez-politikasi\/\" \/>\n<meta property=\"og:site_name\" content=\"Beyond Solutions\" \/>\n<meta property=\"article:publisher\" content=\"https:\/\/www.facebook.com\/beyondconsultant\" \/>\n<meta property=\"article:modified_time\" content=\"2025-02-12T20:39:10+00:00\" \/>\n<meta name=\"twitter:card\" content=\"summary_large_image\" \/>\n<meta name=\"twitter:label1\" content=\"Tahmini okuma s\u00fcresi\" \/>\n\t<meta name=\"twitter:data1\" content=\"2 dakika\" \/>\n<script type=\"application\/ld+json\" class=\"yoast-schema-graph\">{\"@context\":\"https:\\\/\\\/schema.org\",\"@graph\":[{\"@type\":\"WebPage\",\"@id\":\"https:\\\/\\\/beyondsolutions.com\\\/tr\\\/cerez-politikasi\\\/\",\"url\":\"https:\\\/\\\/beyondsolutions.com\\\/tr\\\/cerez-politikasi\\\/\",\"name\":\"\u00c7erez Politikas\u0131 - Beyond Solutions\",\"isPartOf\":{\"@id\":\"https:\\\/\\\/beyondsolutions.com\\\/#website\"},\"datePublished\":\"2024-08-31T12:14:51+00:00\",\"dateModified\":\"2025-02-12T20:39:10+00:00\",\"breadcrumb\":{\"@id\":\"https:\\\/\\\/beyondsolutions.com\\\/tr\\\/cerez-politikasi\\\/#breadcrumb\"},\"inLanguage\":\"tr\",\"potentialAction\":[{\"@type\":\"ReadAction\",\"target\":[\"https:\\\/\\\/beyondsolutions.com\\\/tr\\\/cerez-politikasi\\\/\"]}]},{\"@type\":\"BreadcrumbList\",\"@id\":\"https:\\\/\\\/beyondsolutions.com\\\/tr\\\/cerez-politikasi\\\/#breadcrumb\",\"itemListElement\":[{\"@type\":\"ListItem\",\"position\":1,\"name\":\"Home\",\"item\":\"https:\\\/\\\/beyondsolutions.com\\\/tr\\\/\"},{\"@type\":\"ListItem\",\"position\":2,\"name\":\"\u00c7erez Politikas\u0131\"}]},{\"@type\":\"WebSite\",\"@id\":\"https:\\\/\\\/beyondsolutions.com\\\/#website\",\"url\":\"https:\\\/\\\/beyondsolutions.com\\\/\",\"name\":\"Beyond Solutions\",\"description\":\"Let&#039;s Walk Together!\",\"publisher\":{\"@id\":\"https:\\\/\\\/beyondsolutions.com\\\/#organization\"},\"potentialAction\":[{\"@type\":\"SearchAction\",\"target\":{\"@type\":\"EntryPoint\",\"urlTemplate\":\"https:\\\/\\\/beyondsolutions.com\\\/?s={search_term_string}\"},\"query-input\":{\"@type\":\"PropertyValueSpecification\",\"valueRequired\":true,\"valueName\":\"search_term_string\"}}],\"inLanguage\":\"tr\"},{\"@type\":\"Organization\",\"@id\":\"https:\\\/\\\/beyondsolutions.com\\\/#organization\",\"name\":\"Beyond Solutions\",\"url\":\"https:\\\/\\\/beyondsolutions.com\\\/\",\"logo\":{\"@type\":\"ImageObject\",\"inLanguage\":\"tr\",\"@id\":\"https:\\\/\\\/beyondsolutions.com\\\/#\\\/schema\\\/logo\\\/image\\\/\",\"url\":\"https:\\\/\\\/beyondsolutions.com\\\/wp-content\\\/uploads\\\/2024\\\/03\\\/beyond-logo.png\",\"contentUrl\":\"https:\\\/\\\/beyondsolutions.com\\\/wp-content\\\/uploads\\\/2024\\\/03\\\/beyond-logo.png\",\"width\":459,\"height\":191,\"caption\":\"Beyond Solutions\"},\"image\":{\"@id\":\"https:\\\/\\\/beyondsolutions.com\\\/#\\\/schema\\\/logo\\\/image\\\/\"},\"sameAs\":[\"https:\\\/\\\/www.facebook.com\\\/beyondconsultant\"]}]}<\/script>\n<!-- \/ Yoast SEO plugin. -->","yoast_head_json":{"title":"\u00c7erez Politikas\u0131 - Beyond Solutions","robots":{"index":"index","follow":"follow","max-snippet":"max-snippet:-1","max-image-preview":"max-image-preview:large","max-video-preview":"max-video-preview:-1"},"canonical":"https:\/\/beyondsolutions.com\/tr\/cerez-politikasi\/","og_locale":"tr_TR","og_type":"article","og_title":"\u00c7erez Politikas\u0131 - Beyond Solutions","og_description":"1. Giri\u015f Bu \u00c7erez Politikas\u0131, Beyond Solutions B.V. (\u201cbiz,\u201d \u201cbize\u201d veya \u201cbizim\u201d) web sitemizde \u00e7erezler ve benzeri teknolojilerin nas\u0131l kullan\u0131ld\u0131\u011f\u0131n\u0131 a\u00e7\u0131klar. Web sitemizi kullanarak, bu politikada a\u00e7\u0131kland\u0131\u011f\u0131 \u015fekilde \u00e7erezlerin kullan\u0131m\u0131n\u0131 kabul etmi\u015f olursunuz. 2. \u00c7erezler Nedir? \u00c7erezler, bir web sitesini ziyaret etti\u011finizde cihaz\u0131n\u0131za (bilgisayar, tablet veya ak\u0131ll\u0131 telefon) yerle\u015ftirilen k\u00fc\u00e7\u00fck metin dosyalar\u0131d\u0131r. \u00c7erezler, web sitesinin [&hellip;]","og_url":"https:\/\/beyondsolutions.com\/tr\/cerez-politikasi\/","og_site_name":"Beyond Solutions","article_publisher":"https:\/\/www.facebook.com\/beyondconsultant","article_modified_time":"2025-02-12T20:39:10+00:00","twitter_card":"summary_large_image","twitter_misc":{"Tahmini okuma s\u00fcresi":"2 dakika"},"schema":{"@context":"https:\/\/schema.org","@graph":[{"@type":"WebPage","@id":"https:\/\/beyondsolutions.com\/tr\/cerez-politikasi\/","url":"https:\/\/beyondsolutions.com\/tr\/cerez-politikasi\/","name":"\u00c7erez Politikas\u0131 - Beyond Solutions","isPartOf":{"@id":"https:\/\/beyondsolutions.com\/#website"},"datePublished":"2024-08-31T12:14:51+00:00","dateModified":"2025-02-12T20:39:10+00:00","breadcrumb":{"@id":"https:\/\/beyondsolutions.com\/tr\/cerez-politikasi\/#breadcrumb"},"inLanguage":"tr","potentialAction":[{"@type":"ReadAction","target":["https:\/\/beyondsolutions.com\/tr\/cerez-politikasi\/"]}]},{"@type":"BreadcrumbList","@id":"https:\/\/beyondsolutions.com\/tr\/cerez-politikasi\/#breadcrumb","itemListElement":[{"@type":"ListItem","position":1,"name":"Home","item":"https:\/\/beyondsolutions.com\/tr\/"},{"@type":"ListItem","position":2,"name":"\u00c7erez Politikas\u0131"}]},{"@type":"WebSite","@id":"https:\/\/beyondsolutions.com\/#website","url":"https:\/\/beyondsolutions.com\/","name":"Beyond Solutions","description":"Let&#039;s Walk Together!","publisher":{"@id":"https:\/\/beyondsolutions.com\/#organization"},"potentialAction":[{"@type":"SearchAction","target":{"@type":"EntryPoint","urlTemplate":"https:\/\/beyondsolutions.com\/?s={search_term_string}"},"query-input":{"@type":"PropertyValueSpecification","valueRequired":true,"valueName":"search_term_string"}}],"inLanguage":"tr"},{"@type":"Organization","@id":"https:\/\/beyondsolutions.com\/#organization","name":"Beyond Solutions","url":"https:\/\/beyondsolutions.com\/","logo":{"@type":"ImageObject","inLanguage":"tr","@id":"https:\/\/beyondsolutions.com\/#\/schema\/logo\/image\/","url":"https:\/\/beyondsolutions.com\/wp-content\/uploads\/2024\/03\/beyond-logo.png","contentUrl":"https:\/\/beyondsolutions.com\/wp-content\/uploads\/2024\/03\/beyond-logo.png","width":459,"height":191,"caption":"Beyond Solutions"},"image":{"@id":"https:\/\/beyondsolutions.com\/#\/schema\/logo\/image\/"},"sameAs":["https:\/\/www.facebook.com\/beyondconsultant"]}]}},"_links":{"self":[{"href":"https:\/\/beyondsolutions.com\/tr\/wp-json\/wp\/v2\/pages\/1455","targetHints":{"allow":["GET"]}}],"collection":[{"href":"https:\/\/beyondsolutions.com\/tr\/wp-json\/wp\/v2\/pages"}],"about":[{"href":"https:\/\/beyondsolutions.com\/tr\/wp-json\/wp\/v2\/types\/page"}],"author":[{"embeddable":true,"href":"https:\/\/beyondsolutions.com\/tr\/wp-json\/wp\/v2\/users\/1"}],"replies":[{"embeddable":true,"href":"https:\/\/beyondsolutions.com\/tr\/wp-json\/wp\/v2\/comments?post=1455"}],"version-history":[{"count":9,"href":"https:\/\/beyondsolutions.com\/tr\/wp-json\/wp\/v2\/pages\/1455\/revisions"}],"predecessor-version":[{"id":3131,"href":"https:\/\/beyondsolutions.com\/tr\/wp-json\/wp\/v2\/pages\/1455\/revisions\/3131"}],"wp:attachment":[{"href":"https:\/\/beyondsolutions.com\/tr\/wp-json\/wp\/v2\/media?parent=1455"}],"wp:term":[{"taxonomy":"post_tag","embeddable":true,"href":"https:\/\/beyondsolutions.com\/tr\/wp-json\/wp\/v2\/tags?post=1455"}],"curies":[{"name":"wp","href":"https:\/\/api.w.org\/{rel}","templated":true}]}}